{"id":906,"date":"2017-02-22T15:20:11","date_gmt":"2017-02-22T14:20:11","guid":{"rendered":"http:\/\/rumgecrawle.de\/?page_id=906"},"modified":"2018-06-06T12:41:14","modified_gmt":"2018-06-06T10:41:14","slug":"alle-trichter","status":"publish","type":"page","link":"https:\/\/rumgecrawle.de\/?page_id=906","title":{"rendered":"alle Trichter"},"content":{"rendered":"<h3>Hier findet Ihre eine Auflistung aller Trichter-Abenteuer von <strong>Goodman Games<\/strong> mit einer kurzen (englischen) Einleitung.<\/h3>\n<h3>Eine <a href=\"http:\/\/ravencrowking.blogspot.de\/2015\/12\/all-funnels.html\">\u00dcbersicht \u00fcber alle Trichter<\/a> gibt es von Daniel Bishop auf seinem Blog <strong>Raven Crowking&#8217;s Nest<\/strong>.<\/h3>\n<p>&nbsp;<\/p>\n<table border=\"1\">\n<tbody>\n<tr>\n<td>\n<h4>\u00dcbersicht<\/h4>\n<p><a href=\"#01\">#66.5 Doom of the Savage Kings (Level 1)<\/a><br \/>\n<a href=\"#02\">#67 Sailors on the Starless Sea<\/a><br \/>\n<a href=\"#03\">#79 Frozen in Time (Level 1)<\/a><br \/>\n<a href=\"#04\">#83A Sour Spring Hollow<\/a><br \/>\n<a href=\"#05\">#84C Escape from the Purple Planet<\/a><br \/>\n<a href=\"#06\">#86 Hole in the Sky<\/a><br \/>\n<a href=\"#07\">#87.5 Grimtooth&#8217;s Museum of Death (Level 1)<\/a><br \/>\n<a href=\"#08\">2015 Halloween module &#8211; They Served Brandolyn Red!<\/a><br \/>\n<a href=\"#09\">Gen Con 2015 Program Guide &#8211; The Seventh Pit of Sezrekan<\/a><br \/>\n<a href=\"#10\">Gen Con 2016 Program Guide &#8211; Not in Kansas Anymore<\/a><br \/>\n<a href=\"#11\">Free RPG Day 2011 \/ GRW &#8211; Portal Under the Stars<\/a><br \/>\n<a href=\"#12\">Free RPG Day 2016 &#8211; The Museum at the End of Time (Level 1, MCC)<\/a><br \/>\n<a href=\"#13\">RC1 The Hypercube of Myt<\/a><br \/>\n<a href=\"#14\">RC2 Death by Nexus<\/a><br \/>\n<a href=\"#15\">RC3 The Shambling Un-Dead<\/a><\/td>\n<\/tr>\n<\/tbody>\n<\/table>\n<p>&nbsp;<\/p>\n<hr \/>\n<p><a name=\"01\"><\/a><\/p>\n<h3>#66.5 Doom of the Savage Kings (Level 1)<\/h3>\n<p>&nbsp;<\/p>\n<blockquote><p>High above the windswept moors and darksome woods, the village of Hirot is under siege. Each night, as the sun sinks beneath the western mountains and the candles burn low, a devil-beast stalks the village streets, unleashing its savage fury on the living. From warlord to pauper, crone to child, no one is safe.<\/p>\n<p>Defeating the immortal hound will require more than mere blades or even spells. To slay the beast, the characters must delve into the mysteries of the land and its Savage Kings. Only then, armed with relics forged from a bloody past, can the most cunning and courageous of adventurers challenge the hound of Hirot!<\/p>\n<hr \/>\n<\/blockquote>\n<p><a name=\"02\"><\/a><\/p>\n<h3>#67 Sailors on the Starless Sea<\/h3>\n<p>&nbsp;<\/p>\n<blockquote><p>Since time immemorial you and your people have toiled in the shadow of the cyclopean ruins. Of mysterious origins and the source of many a superstition, they have always been considered a secret best left unknown by the folk of your hamlet.<\/p>\n<p>But now something stirs beneath the crumbling blocks. Beastmen howl in the night and your fellow villagers are snatched from their beds. With no heroes to defend you, who will rise to stand against the encircling darkness? The secrets of Chaos are yours to unearth, but at what cost to sanity or soul?<\/p>\n<hr \/>\n<\/blockquote>\n<p><a name=\"03\"><\/a><\/p>\n<h3>#79 Frozen in Time (Level 1)<\/h3>\n<p>&nbsp;<\/p>\n<blockquote><p>Eons-old secrets slumber beneath the forbidden Ghost Ice. Since the time of the Elders, the local tribes have shunned the crawling glacier, knowing it as taboo land that slays all who tread its frigid expanse. Now, the Ghost Ice has shattered, revealing hints at deeper mysteries entombed within its icy grasp. Strange machines and wonderful horrors stir beneath the ice\u2026<\/p>\n<hr \/>\n<\/blockquote>\n<p><a name=\"04\"><\/a><\/p>\n<h3>#83A\u00a0Sour Spring Hollow<\/h3>\n<p>&nbsp;<\/p>\n<blockquote><p>A whispered voice calls from a coffin bound in chains, urging the heroes into the depths of the Shudder Mountains, a place rife with superstition and forlorn secrets. In the shadowy, pine-grown valleys of the Deep Hollows lurk mysteries of a bygone age and a new evil emerging from the ruins of the past. The adventurers must plumb the mountains\u2019 secluded reaches to root out this rising terror before its power comes to fruition. Standing in their path are cackling witches, subtle devils, lingering spirits, and a foul thing that moves in the night. Can the heroes appease that which lies within the Chained Coffin and thwart the dawn of a new and terrible age?<\/p><\/blockquote>\n<p>Das ist die allgemeine Beschreibung f\u00fcr die <em>The Chained Coffin<\/em> Box, der Funnel spielt auch in diesem Setting.<\/p>\n<hr \/>\n<p><a name=\"05\"><\/a><\/p>\n<h3>#84C Escape from the Purple Planet<\/h3>\n<p>&nbsp;<\/p>\n<blockquote><p><i>Every 10 years the dying sun sinks into eclipse.<\/i><\/p>\n<p><i>Every 10 years the tribes cease their warring, gather at the Gladiator Stones of Ul&#8217;tok, and cast offerings into the pits, praying that their masters find their sacrifices worthy.<\/i><\/p>\n<p><i>This year, you are that sacrifice. In order to win free, you must best all challengers, or try your luck in the pits beneath the arena. However you escape &#8211; whether by blade or by cunning &#8211; you must find your way free before the wierdling sun rises once more, and the hordes of kith return to their forever war!<\/i><\/p>\n<p><i>This short adventure includes an appendix for creating characters from the Purple Planet, as well as notes for bringing PCs from the modern world in true Almuric-style!<\/i><\/p>\n<hr \/>\n<\/blockquote>\n<p><a name=\"06\"><\/a><\/p>\n<h3>#86 Hole in the Sky<\/h3>\n<p>&nbsp;<\/p>\n<blockquote><p>The Lady in Blue, a mysterious figure of cosmic power, enlists a band of simple peasants for a strange task. They are to follow an invisible bridge until they arrive at a hole in the sky \u2013 and then jump through. Death awaits all but the bravest, strongest, and luckiest, but the Lady offers a reward beyond all the riches of the world: the chance to change the very stars these peasants were born under, and thus change their destiny.<\/p>\n<hr \/>\n<\/blockquote>\n<p><a name=\"07\"><\/a><\/p>\n<h3>#87.5 Grimtooth&#8217;s Museum of Death (Level 1)<\/h3>\n<p>&nbsp;<\/p>\n<blockquote><p>Not a dream! Not a hoax! Not an imaginary tale! It\u2019s the crossover you\u2019ve always wanted: the legendary Grimtooth the Troll meets Dungeon Crawl Classics! This adventure module is written under DCC RPG rules and is officially licensed by Flying Buffalo, Inc. to include the Grimtooth character.<\/p>\n<p>After three decades of preparation, the evil troll Grimtooth has finally thrown wide the gates of his abode to all comers. The troll has sent ravens far and wide inviting delvers to share in the vast wealth of his treasure room. Of course, there is a catch. The adventurers must wend their way through a maze of traps in Grimtooth\u2019s Museum of Death, a curated collection of the deadliest and most devious traps ever assembled in one place. Along the way, they might even cross paths with a few of Grimtooth\u2019s allies: Grimtina, Spike the Grimdog, and Sludgeworth. Tread lightly, delver. There are no refunds for this tour.<\/p>\n<hr \/>\n<\/blockquote>\n<p><a name=\"08\"><\/a><\/p>\n<h3>2015 Halloween module &#8211; They Served Brandolyn Red!<\/h3>\n<p>&nbsp;<\/p>\n<blockquote><p>The village of Portnelle is once again bright and festive. After years of feuding, the town\u2019s most prominent and influential families will finally be making peace as the youngest generations are joined in marriage. However, when an evil born of dark secrets refuses to stay buried, blood will flow like wine at the reception.<\/p>\n<p>This wedding is one your fellow villagers will talk about for generations!<\/p>\n<hr \/>\n<\/blockquote>\n<p><a name=\"09\"><\/a><\/p>\n<h3>Gen Con 2015 Program Guide &#8211;\u00a0The Seventh Pit of Sezrekan<\/h3>\n<p>&nbsp;<\/p>\n<blockquote><p><em>The doom of Sezrekan is writ large in the stars. However<\/em><br \/>\n<em>\u2013 perverse to the end \u2013 the warlock refuses to accept fate\u2019s<\/em><br \/>\n<em>decree and will do everything in his power to escape his<\/em><br \/>\n<em>doom, even if that means bringing an end to the multiverse.<\/em><br \/>\n<em>Crucial to his plans are three artifacts: the Crown of the<\/em><br \/>\n<em>Seraphim; Tyrving, the cursed foebrand; and Tarnhelm, the<\/em><br \/>\n<em>dragon-helm.<\/em><\/p>\n<p><em>All three relics can be discovered through the course of the<\/em><br \/>\n<em>adventure, and turned against the Master\u2019s servants. However,<\/em><br \/>\n<em>the artifacts\u2019 powers come at a price: activating the<\/em><br \/>\n<em>relics courts disaster.<\/em><\/p><\/blockquote>\n<p>The Seventh Pit of Sezrekan ist ein Turniermodul.<\/p>\n<hr \/>\n<p><a name=\"10\"><\/a><\/p>\n<h3>Gen Con 2016 Program Guide &#8211; Not in Kansas Anymore<\/h3>\n<p>&nbsp;<\/p>\n<blockquote><p><em>A group of normal folk from 1970&#8217;s Earth find themselves magically transported to another world and embroiled in the Dragon-Wizard&#8217;s sinister ritual. Can they stop the reptilian enchanter and escape his stronghold, or will they be slaughtered like the hapless nobodies they probably are?<\/em><\/p>\n<hr \/>\n<\/blockquote>\n<p><a name=\"11\"><\/a><\/p>\n<h3>Free RPG Day 2011 \/ GRW &#8211; Portal Under the Stars<\/h3>\n<p>&nbsp;<\/p>\n<blockquote><p><em>Seeking wealth and escape from their peasant\u00a0<\/em><em>lives, the characters investigate a supernatural\u00a0<\/em><em>portal that appears only once every half-century\u00a0<\/em><em>when the stars are right. The portal leads to the burial tomb\u00a0<\/em><em>of a war-wizard of eons past. The characters must fight\u00a0<\/em><em>iron men, a demonic snake, the living dead, and a variety\u00a0<\/em><em>of strange statues to recover the treasures left by the warwizard.<\/em><\/p>\n<hr \/>\n<\/blockquote>\n<p><a name=\"12\"><\/a><\/p>\n<h3>Free RPG Day 2016 &#8211;\u00a0The Museum at the End of Time (Level 1, MCC)<\/h3>\n<p>&nbsp;<\/p>\n<blockquote><p><em>With each new generation of younglings, the Tribe of Cog tests their youths\u2019 fitness to serve their neolithic society as adults by sending them out on The Rite of Passage. The purpose of the Rite is two-fold. First and foremost, the younglings are tasked with going out into the untamed wilderness, surviving on their own for over one week, and with bringing back to the tribe one functioning artifact of the ancients per participant. Secondly, it is to be hoped that the stresses of the Rite will trigger the \u201cMetagenesis.\u201d For mutants, manimals, and plantients, the Metagenesis is the sudden full-flowering of their mutated genetic code and its attendant mutations.<\/em><\/p>\n<hr \/>\n<\/blockquote>\n<p><a name=\"13\"><\/a><\/p>\n<h3>RC1 The Hypercube of Myt<\/h3>\n<p>&nbsp;<\/p>\n<blockquote><p>The keep of the legendary wizard Mytus the Mad was razed, looted, and ransacked generations before your oldest ancestor was born. The only reason the chaotic sorcerer\u2019s name is still whispered millennia after his death is because of what lies half-buried amid the scattered flagstones of his long-vanished keep: The Hypercube of Myt. Each year on the vernal equinox, the southern entrance unlocks itself from sundown to sunrise. And this is precisely why you are here now, at the annual Festival of the Fatted Calf. The festival is famous for drawing the curious, the foolhardy, and the uncautious from far and wide to ponder the mysteries of the Cube. After the more sensible denizens of your village begin to stagger home, you and your friends continue drinking grog-laced ale and speculating on the nature and contents of the immutable Cube. Is it a treasure vault guarded by extra-planar forces, or perhaps a gateway to another time and place?<\/p><\/blockquote>\n<p>The Hypercube of Myt\u00a0ist ein Turniermodul.<\/p>\n<hr \/>\n<p><a name=\"14\"><\/a><\/p>\n<h3>RC2 Death by Nexus<\/h3>\n<p>&nbsp;<\/p>\n<blockquote><p>Who says you have to be name level to visit another plane? Teams of level-0 PCs will be recruited (kidnapped) by extra-planar forces (Elder Prime Ones) and pitted against each other in a contest (death match) to see which alignment prevails: Law, Chaos, or Neutrality. Your patrons and deities will not only be rooting for you from the cheap seats, they\u2019ll provide each side with artifacts of incredible power. Plus, you\u2019ll also have your level-0 trade goods. Who knows when that chicken or sack of night soil will come in handy?<\/p><\/blockquote>\n<p>Death by Nexus\u00a0ist ein Turniermodul.<\/p>\n<hr \/>\n<p><a name=\"15\"><\/a><\/p>\n<h3>RC3 The Shambling Un-Dead<\/h3>\n<p>&nbsp;<\/p>\n<blockquote><p><em>After a night of fitful sleep and fevered dreams, you awaken and step outside your thatched cottage to greet the coming day, an apocalypse greets you eyes instead. You quickly discover that the dirt streets and back alleyways of your village are now overrun with hordes of the shambling un-dead. Quickly glancing to the scattered few friends that you see standing about equally shocked, you grab the nearest crude implement that you can find and form a circle standing back-to-back \u2014 desperately hoping that there is somewhere to run and hide, and that things don\u2019t get even worse. Is that a vampire out in broad daylight?<\/em><\/p><\/blockquote>\n<p>The Shambling Un-Dead\u00a0ist ein Turniermodul.<\/p>\n<hr \/>\n","protected":false},"excerpt":{"rendered":"<p>Hier findet Ihre eine Auflistung aller Trichter-Abenteuer von Goodman Games mit einer kurzen (englischen) Einleitung. Eine \u00dcbersicht \u00fcber alle Trichter gibt es von Daniel Bishop auf seinem Blog Raven Crowking&#8217;s Nest. &nbsp; \u00dcbersicht #66.5 Doom of the Savage Kings (Level 1) #67 Sailors on the Starless Sea #79 Frozen in Time (Level 1) #83A Sour &hellip; <a href=\"https:\/\/rumgecrawle.de\/?page_id=906\" class=\"more-link\">Continue reading <span class=\"screen-reader-text\">alle Trichter<\/span><\/a><\/p>\n","protected":false},"author":2,"featured_media":0,"parent":0,"menu_order":0,"comment_status":"closed","ping_status":"closed","template":"","meta":{"footnotes":""},"class_list":["post-906","page","type-page","status-publish","hentry"],"_links":{"self":[{"href":"https:\/\/rumgecrawle.de\/index.php?rest_route=\/wp\/v2\/pages\/906","targetHints":{"allow":["GET"]}}],"collection":[{"href":"https:\/\/rumgecrawle.de\/index.php?rest_route=\/wp\/v2\/pages"}],"about":[{"href":"https:\/\/rumgecrawle.de\/index.php?rest_route=\/wp\/v2\/types\/page"}],"author":[{"embeddable":true,"href":"https:\/\/rumgecrawle.de\/index.php?rest_route=\/wp\/v2\/users\/2"}],"replies":[{"embeddable":true,"href":"https:\/\/rumgecrawle.de\/index.php?rest_route=%2Fwp%2Fv2%2Fcomments&post=906"}],"version-history":[{"count":8,"href":"https:\/\/rumgecrawle.de\/index.php?rest_route=\/wp\/v2\/pages\/906\/revisions"}],"predecessor-version":[{"id":1000,"href":"https:\/\/rumgecrawle.de\/index.php?rest_route=\/wp\/v2\/pages\/906\/revisions\/1000"}],"wp:attachment":[{"href":"https:\/\/rumgecrawle.de\/index.php?rest_route=%2Fwp%2Fv2%2Fmedia&parent=906"}],"curies":[{"name":"wp","href":"https:\/\/api.w.org\/{rel}","templated":true}]}}