{"id":243,"date":"2015-11-18T08:44:35","date_gmt":"2015-11-18T07:44:35","guid":{"rendered":"http:\/\/rumgecrawle.de\/?page_id=243"},"modified":"2020-09-10T14:08:31","modified_gmt":"2020-09-10T12:08:31","slug":"downloads-2","status":"publish","type":"page","link":"https:\/\/rumgecrawle.de\/?page_id=243","title":{"rendered":"Downloads"},"content":{"rendered":"<ul>\n<li>handgekritzelte, deutsche Stufe 0 Charakterb\u00f6gen von Mofte (also von mir):\n<ul>\n<li><a href=\"https:\/\/rumgecrawle.de\/downloads\/charakterboegen\/mofte_stufe0.pdf\">als PDF<\/a><\/li>\n<li><a href=\"https:\/\/rumgecrawle.de\/downloads\/charakterboegen\/mofte_stufe0_x4.pdf\">als PDF mit vier B\u00f6gen pro Seite<\/a><\/li>\n<li><a href=\"https:\/\/rumgecrawle.de\/downloads\/charakterboegen\/mofte_stufe0.jpg\">als JPG<\/a><\/li>\n<\/ul>\n<\/li>\n<li>wirklich h\u00fcbsche Stufe 0 Charakterbogen von Athair (<a href=\"https:\/\/zauber--ferne.blogspot.de\/\">&#8220;&#8230; in der Mitte der Zauberferne&#8221;<\/a>) als <a href=\"https:\/\/rumgecrawle.de\/downloads\/charakterboegen\/athair_stufe0.pdf\">PDF zum Download<\/a> (DIN A5).<\/li>\n<li><a href=\"https:\/\/rumgecrawle.de\/?p=215\">deutscher Schnellstarter f\u00fcr Stufe 0 Charaktere<\/a> (<a href=\"https:\/\/rumgecrawle.de\/downloads\/schnellstarter.pdf\">achtseitiges PDF<\/a>)<\/li>\n<li>K\u00e4rtchen f\u00fcr den Spielleiter um den \u00dcberblick \u00fcber die Spielercharaktere zu behalten, insbesonder f\u00fcr Stufe 0 n\u00fctzlich. 18 K\u00e4rtchen pro Seite (<a href=\"https:\/\/rumgecrawle.de\/downloads\/sc_karten.pdf\">SC Karten als PDF<\/a>)<\/li>\n<li>Zauberspruchlisten f\u00fcr Zauberer, Kleriker und je Schutzpatron (<a href=\"https:\/\/rumgecrawle.de\/downloads\/zauberspruchlisten.pdf\">dreiseitiges PDF<\/a>)<\/li>\n<li>Vorlage f\u00fcr Klassenhandb\u00fccher, Seitenangaben, welche Seiten aus dem Regelwerk gedruckt werden m\u00fcssen (<a href=\"https:\/\/rumgecrawle.de\/downloads\/klassenhandbuecher.pdf\">PDF<\/a>)<\/li>\n<li>Die W\u00fcrfelkette und wie man sie simulieren kann (<a href=\"https:\/\/rumgecrawle.de\/downloads\/wuerfelkette.pdf\">PDF<\/a>)<\/li>\n<li>W4 &amp; W8 Zufallstabelle f\u00fcr Monstergruppen (<a href=\"https:\/\/rumgecrawle.de\/downloads\/w4w8monster.pdf\">PDF<\/a>)<\/li>\n<li>Monster\n<ul>\n<li>Faulender Nistschleicher (<a href=\"https:\/\/rumgecrawle.de\/downloads\/faulender_nistschleicher.pdf\">PDF<\/a>)<\/li>\n<li>Kupferdrache des Schlafodems (<a href=\"https:\/\/rumgecrawle.de\/downloads\/kupferdrache_schlafodem.pdf\">PDF<\/a>)<\/li>\n<li>Bogen f\u00fcr zuf\u00e4llig erstellte Drachen einmal ohne (<a href=\"https:\/\/rumgecrawle.de\/downloads\/drachenbogen.pdf\">PDF<\/a>), und einmal mit Anleitung (<a href=\"https:\/\/rumgecrawle.de\/downloads\/drachenbogen_anleitung.pdf\">PDF<\/a>).<\/li>\n<\/ul>\n<\/li>\n<li>W16 bodenst\u00e4ndige, aber schr\u00e4ge Sch\u00e4tze (<a href=\"https:\/\/rumgecrawle.de\/downloads\/w16schaetze.pdf\">PDF<\/a>)<\/li>\n<li>In die Arena \u2013 ein Stufe 0 Trichter mit Gladiatoren (<a href=\"http:\/\/In die Arena \u2013 ein Stufe 0 Trichter mit Gladiatoren\" data-wplink-url-error=\"true\">PDF<\/a>)<\/li>\n<\/ul>\n","protected":false},"excerpt":{"rendered":"<p>handgekritzelte, deutsche Stufe 0 Charakterb\u00f6gen von Mofte (also von mir): als PDF als PDF mit vier B\u00f6gen pro Seite als JPG wirklich h\u00fcbsche Stufe 0 Charakterbogen von Athair (&#8220;&#8230; in der Mitte der Zauberferne&#8221;) als PDF zum Download (DIN A5). deutscher Schnellstarter f\u00fcr Stufe 0 Charaktere (achtseitiges PDF) K\u00e4rtchen f\u00fcr den Spielleiter um den \u00dcberblick &hellip; <a href=\"https:\/\/rumgecrawle.de\/?page_id=243\" class=\"more-link\">Continue reading <span class=\"screen-reader-text\">Downloads<\/span><\/a><\/p>\n","protected":false},"author":2,"featured_media":0,"parent":0,"menu_order":0,"comment_status":"closed","ping_status":"closed","template":"","meta":{"footnotes":""},"class_list":["post-243","page","type-page","status-publish","hentry"],"_links":{"self":[{"href":"https:\/\/rumgecrawle.de\/index.php?rest_route=\/wp\/v2\/pages\/243","targetHints":{"allow":["GET"]}}],"collection":[{"href":"https:\/\/rumgecrawle.de\/index.php?rest_route=\/wp\/v2\/pages"}],"about":[{"href":"https:\/\/rumgecrawle.de\/index.php?rest_route=\/wp\/v2\/types\/page"}],"author":[{"embeddable":true,"href":"https:\/\/rumgecrawle.de\/index.php?rest_route=\/wp\/v2\/users\/2"}],"replies":[{"embeddable":true,"href":"https:\/\/rumgecrawle.de\/index.php?rest_route=%2Fwp%2Fv2%2Fcomments&post=243"}],"version-history":[{"count":26,"href":"https:\/\/rumgecrawle.de\/index.php?rest_route=\/wp\/v2\/pages\/243\/revisions"}],"predecessor-version":[{"id":1230,"href":"https:\/\/rumgecrawle.de\/index.php?rest_route=\/wp\/v2\/pages\/243\/revisions\/1230"}],"wp:attachment":[{"href":"https:\/\/rumgecrawle.de\/index.php?rest_route=%2Fwp%2Fv2%2Fmedia&parent=243"}],"curies":[{"name":"wp","href":"https:\/\/api.w.org\/{rel}","templated":true}]}}